{"id":9,"date":"2022-03-18T13:27:00","date_gmt":"2022-03-18T13:27:00","guid":{"rendered":"http:\/\/crispelomundo.com.br\/?page_id=9"},"modified":"2022-03-31T01:33:12","modified_gmt":"2022-03-31T01:33:12","slug":"refund_returns","status":"publish","type":"page","link":"https:\/\/crispelomundo.com.br\/en\/refund_returns\/","title":{"rendered":"Refund and Returns Policy"},"content":{"rendered":"<div data-elementor-type=\"wp-page\" data-elementor-id=\"9\" class=\"elementor elementor-9\">\n\t\t\t\t\t\t<section class=\"elementor-section elementor-top-section elementor-element elementor-element-0628b56 elementor-section-full_width elementor-section-height-default elementor-section-height-default\" data-id=\"0628b56\" data-element_type=\"section\" data-settings=\"{&quot;background_background&quot;:&quot;classic&quot;}\">\n\t\t\t\t\t\t<div class=\"elementor-container elementor-column-gap-default\">\n\t\t\t\t\t<div class=\"aux-parallax-section elementor-column elementor-col-100 elementor-top-column elementor-element elementor-element-1b01fc1\" data-id=\"1b01fc1\" data-element_type=\"column\">\n\t\t\t<div class=\"elementor-widget-wrap elementor-element-populated\">\n\t\t\t\t\t\t<div class=\"elementor-element elementor-element-e6f0e62 elementor-widget elementor-widget-heading\" data-id=\"e6f0e62\" data-element_type=\"widget\" data-widget_type=\"heading.default\">\n\t\t\t\t<div class=\"elementor-widget-container\">\n\t\t\t\t\t<h2 class=\"elementor-heading-title elementor-size-default\">Privacy Policy<\/h2>\t\t\t\t<\/div>\n\t\t\t\t<\/div>\n\t\t\t\t\t<\/div>\n\t\t<\/div>\n\t\t\t\t\t<\/div>\n\t\t<\/section>\n\t\t\t\t<section class=\"elementor-section elementor-top-section elementor-element elementor-element-5e5dd813 elementor-section-boxed elementor-section-height-default elementor-section-height-default\" data-id=\"5e5dd813\" data-element_type=\"section\">\n\t\t\t\t\t\t<div class=\"elementor-container elementor-column-gap-default\">\n\t\t\t\t\t<div class=\"aux-parallax-section elementor-column elementor-col-100 elementor-top-column elementor-element elementor-element-6d177d4d\" data-id=\"6d177d4d\" data-element_type=\"column\">\n\t\t\t<div class=\"elementor-widget-wrap elementor-element-populated\">\n\t\t\t\t\t\t<div class=\"elementor-element elementor-element-7e9b627d elementor-widget elementor-widget-text-editor\" data-id=\"7e9b627d\" data-element_type=\"widget\" data-widget_type=\"text-editor.default\">\n\t\t\t\t<div class=\"elementor-widget-container\">\n\t\t\t\t\t\t\t\t\t\n<h2>Who we are<\/h2>\n<p>Our website address is: http:\/\/crispelomundo.com<\/p>\n<h2>What personal data is collected and how it is collected<\/h2>\n<h3>Comments<\/h3>\n<p>When visitors leave comments on the site, the data contained in the comment form is saved, as well as the IP address and browser user agent, to help with spam detection.<\/p>\n<p>An anonymous string created from your email address (also called a hash) can be sent to the Gravatar service to verify that you are using it. The Gravatar service's privacy policy is available here: https:\/\/automattic.com\/privacy\/. Once your comment has been approved, your profile picture will be visible to the public in the context of your comment.<\/p>\n<h3>Multimedia<\/h3>\n<p>When uploading images to the site, you should avoid uploading images with embedded geolocation data (EXIF GPS). Visitors can download and extract geolocation data from images on the site.<\/p>\n<h3>Contact forms<\/h3>\n<h3>Cookies<\/h3>\n<p>If you leave a comment on our site you can choose to save your name, email address and website in cookies. This is for your convenience so you don't have to fill in your details again when you leave another comment. These cookies will last for one year.<\/p>\n<p>If you have an account and log in to this site, a temporary cookie will be set to determine whether your browser accepts cookies. This cookie contains no personal data and will be deleted when you close your browser.<\/p>\n<p>When you log in, some cookies will be set to store your session information and your screen display choices. Login cookies last for one year. If you select \"Remember me\", your session will persist for two weeks. When you log out, the login cookies will be removed.<\/p>\n<p>If you edit or publish an article, an additional cookie will be stored in your browser. This cookie does not include any personal data, it simply indicates the content ID of the article you have just edited. It expires after 1 day.<\/p>\n<h3>Embedded content from other sites<\/h3>\n<p>Articles on this site may include embedded content (e.g. videos, images, articles, etc.). Embedded content from other sites behaves as if the user were visiting those sites.<\/p>\n<p>This site may collect data about you, use cookies, incorporate third-party tracking, monitor your interactions with it, including recording interactions with embedded content if you have an account and are logged in to that site.<\/p>\n<h3>Analytical data<\/h3>\n<h2>Who your data is shared with<\/h2>\n<h2>How long your data is retained<\/h2>\n<p>If you leave a comment, the comment and its metadata are saved indefinitely. This is so that you can automatically recognize and approve any subsequent comments, rather than putting them in a moderation queue.<\/p>\n<p>For users who register on our site (if any), we store the personal information provided in their user profile. All users can view, edit, or delete their personal information at any time (with the exception that they cannot change their username). Site administrators can also view and edit this information.<\/p>\n<h2>What rights you have over your data<\/h2>\n<p>If you have an account on this site, or have left comments, you can ask to receive an export file with the personal data stored about you, including any personal data you have indicated. You can also request that the data stored be deleted. This does not include any personal data that is required to be kept for administrative, legal or security purposes.<\/p>\n<h2>Where your data is sent<\/h2>\n<p>Visitor comments can be checked by an automatic spam detection service.<\/p>\n<h2>Your contact information<\/h2>\n<h2>Additional information<\/h2>\n<h3>How your data is protected<\/h3>\n<h3>Procedures envisaged in the event of a data breach<\/h3>\n<h3>From which third parties we receive data<\/h3>\n<h3>What decisions and\/or automated profile settings we make with user data.<\/h3>\n<h3>Regulated sector reporting requirements<\/h3>\n<h3>Plugin: Smush<\/h3>\n<p>Note: Smush does not interact with end users on your website. The only input option Smush has is to a newsletter subscription for site admins only. If you would like to notify your users of this in your privacy policy, you can use the information below.<\/p>\n<p>Smush sends images to the WPMU DEV servers to optimize them for web use. This includes the transfer of EXIF data. The EXIF data will either be stripped or returned as it is. It is not stored on the WPMU DEV servers.<\/p>\n<p>Smush uses a third-party email service (Drip) to send informational emails to the site administrator. The administrator's email address is sent to Drip and a cookie is set by the service. Only administrator information is collected by Drip.<\/p>\n\t\t\t\t\t\t\t\t<\/div>\n\t\t\t\t<\/div>\n\t\t\t\t\t<\/div>\n\t\t<\/div>\n\t\t\t\t\t<\/div>\n\t\t<\/section>\n\t\t\t\t<\/div>","protected":false},"excerpt":{"rendered":"<p>Pol\u00edtica da Privacidade Quem somos O endere\u00e7o do nosso site \u00e9: http:\/\/crispelomundo.com Que dados pessoais s\u00e3o recolhidos e como s\u00e3o recolhidos Coment\u00e1rios Quando os visitantes deixam coment\u00e1rios no site, s\u00e3o guardados os dados presentes no formul\u00e1rio dos coment\u00e1rios, bem como o endere\u00e7o de IP e o agente do utilizador do navegador, para ajudar com a [&hellip;]<\/p>","protected":false},"author":1,"featured_media":0,"parent":0,"menu_order":10,"comment_status":"closed","ping_status":"closed","template":"","meta":{"footnotes":""},"class_list":["post-9","page","type-page","status-publish","hentry"],"_links":{"self":[{"href":"https:\/\/crispelomundo.com.br\/en\/wp-json\/wp\/v2\/pages\/9","targetHints":{"allow":["GET"]}}],"collection":[{"href":"https:\/\/crispelomundo.com.br\/en\/wp-json\/wp\/v2\/pages"}],"about":[{"href":"https:\/\/crispelomundo.com.br\/en\/wp-json\/wp\/v2\/types\/page"}],"author":[{"embeddable":true,"href":"https:\/\/crispelomundo.com.br\/en\/wp-json\/wp\/v2\/users\/1"}],"replies":[{"embeddable":true,"href":"https:\/\/crispelomundo.com.br\/en\/wp-json\/wp\/v2\/comments?post=9"}],"version-history":[{"count":0,"href":"https:\/\/crispelomundo.com.br\/en\/wp-json\/wp\/v2\/pages\/9\/revisions"}],"wp:attachment":[{"href":"https:\/\/crispelomundo.com.br\/en\/wp-json\/wp\/v2\/media?parent=9"}],"curies":[{"name":"wp","href":"https:\/\/api.w.org\/{rel}","templated":true}]}}