{"id":6913,"date":"2022-03-29T14:42:57","date_gmt":"2022-03-29T14:42:57","guid":{"rendered":"http:\/\/crispelomundo.com.br\/?page_id=6913"},"modified":"2023-11-01T18:41:55","modified_gmt":"2023-11-01T15:41:55","slug":"quem-somos","status":"publish","type":"page","link":"https:\/\/crispelomundo.com.br\/es\/quienes-somos\/","title":{"rendered":"Qui\u00e9nes somos"},"content":{"rendered":"<div data-elementor-type=\"wp-page\" data-elementor-id=\"6913\" class=\"elementor elementor-6913\">\n\t\t\t\t\t\t<section class=\"elementor-section elementor-top-section elementor-element elementor-element-93b1cd5 elementor-section-boxed elementor-section-height-default elementor-section-height-default\" data-id=\"93b1cd5\" data-element_type=\"section\" data-settings=\"{&quot;background_background&quot;:&quot;classic&quot;,&quot;shape_divider_bottom&quot;:&quot;mountains&quot;}\">\n\t\t\t\t\t<div class=\"elementor-shape elementor-shape-bottom\" aria-hidden=\"true\" data-negative=\"false\">\n\t\t\t<svg xmlns=\"http:\/\/www.w3.org\/2000\/svg\" viewbox=\"0 0 1000 100\" preserveaspectratio=\"none\">\n\t<path class=\"elementor-shape-fill\" opacity=\"0.33\" d=\"M473,67.3c-203.9,88.3-263.1-34-320.3,0C66,119.1,0,59.7,0,59.7V0h1000v59.7 c0,0-62.1,26.1-94.9,29.3c-32.8,3.3-62.8-12.3-75.8-22.1C806,49.6,745.3,8.7,694.9,4.7S492.4,59,473,67.3z\"\/>\n\t<path class=\"elementor-shape-fill\" opacity=\"0.66\" d=\"M734,67.3c-45.5,0-77.2-23.2-129.1-39.1c-28.6-8.7-150.3-10.1-254,39.1 s-91.7-34.4-149.2,0C115.7,118.3,0,39.8,0,39.8V0h1000v36.5c0,0-28.2-18.5-92.1-18.5C810.2,18.1,775.7,67.3,734,67.3z\"\/>\n\t<path class=\"elementor-shape-fill\" d=\"M766.1,28.9c-200-57.5-266,65.5-395.1,19.5C242,1.8,242,5.4,184.8,20.6C128,35.8,132.3,44.9,89.9,52.5C28.6,63.7,0,0,0,0 h1000c0,0-9.9,40.9-83.6,48.1S829.6,47,766.1,28.9z\"\/>\n<\/svg>\t\t<\/div>\n\t\t\t\t\t<div class=\"elementor-container elementor-column-gap-default\">\n\t\t\t\t\t<div class=\"aux-parallax-section elementor-column elementor-col-100 elementor-top-column elementor-element elementor-element-3424530\" data-id=\"3424530\" data-element_type=\"column\">\n\t\t\t<div class=\"elementor-widget-wrap elementor-element-populated\">\n\t\t\t\t\t\t<div class=\"aux-scroll-anim elementor-element elementor-element-33784e5 elementor-widget elementor-widget-heading\" data-move-in=\"moveVertical\" data-move-out=\"moveVertical\" data-axis-x=\"200\" data-axis-y=\"-10\" data-rotate=\"90\" data-scale=\"1\" data-vp-top=\"0.5\" data-vp-bot=\"0.5\" data-el-top=\"0.2\" data-scroll-animation-off=\"1024\" data-id=\"33784e5\" data-element_type=\"widget\" data-widget_type=\"heading.default\">\n\t\t\t\t<div class=\"elementor-widget-container\">\n\t\t\t\t\t<h2 class=\"elementor-heading-title elementor-size-default\">Qui\u00e9nes somos<\/h2>\t\t\t\t<\/div>\n\t\t\t\t<\/div>\n\t\t\t\t<div class=\"elementor-element elementor-element-10e2a6e elementor-absolute elementor-widget elementor-widget-image\" data-id=\"10e2a6e\" data-element_type=\"widget\" data-settings=\"{&quot;_position&quot;:&quot;absolute&quot;}\" data-widget_type=\"image.default\">\n\t\t\t\t<div class=\"elementor-widget-container\">\n\t\t\t\t\t\t\t\t\t\t\t\t\t\t\t<img fetchpriority=\"high\" decoding=\"async\" width=\"461\" height=\"541\" src=\"https:\/\/crispelomundo.com.br\/wp-content\/uploads\/2022\/03\/familia.png\" class=\"attachment-full size-full wp-image-7264\" alt=\"- Cris por el mundo\" title=\"- Cris por el mundo\">\t\t\t\t\t\t\t\t\t\t\t\t\t\t\t<\/div>\n\t\t\t\t<\/div>\n\t\t\t\t\t<\/div>\n\t\t<\/div>\n\t\t\t\t\t<\/div>\n\t\t<\/section>\n\t\t\t\t<section class=\"elementor-section elementor-top-section elementor-element elementor-element-6829f8b elementor-section-boxed elementor-section-height-default elementor-section-height-default\" data-id=\"6829f8b\" data-element_type=\"section\" data-settings=\"{&quot;background_background&quot;:&quot;classic&quot;}\">\n\t\t\t\t\t\t<div class=\"elementor-container elementor-column-gap-default\">\n\t\t\t\t\t<div class=\"aux-parallax-section elementor-column elementor-col-100 elementor-top-column elementor-element elementor-element-f6353ed\" data-id=\"f6353ed\" data-element_type=\"column\">\n\t\t\t<div class=\"elementor-widget-wrap\">\n\t\t\t\t\t\t\t<\/div>\n\t\t<\/div>\n\t\t\t\t\t<\/div>\n\t\t<\/section>\n\t\t\t\t<section class=\"elementor-section elementor-top-section elementor-element elementor-element-51fb6926 elementor-section-content-middle elementor-section-boxed elementor-section-height-default elementor-section-height-default\" data-id=\"51fb6926\" data-element_type=\"section\" data-settings=\"{&quot;background_background&quot;:&quot;classic&quot;,&quot;shape_divider_bottom&quot;:&quot;mountains&quot;}\">\n\t\t\t\t\t<div class=\"elementor-shape elementor-shape-bottom\" aria-hidden=\"true\" data-negative=\"false\">\n\t\t\t<svg xmlns=\"http:\/\/www.w3.org\/2000\/svg\" viewbox=\"0 0 1000 100\" preserveaspectratio=\"none\">\n\t<path class=\"elementor-shape-fill\" opacity=\"0.33\" d=\"M473,67.3c-203.9,88.3-263.1-34-320.3,0C66,119.1,0,59.7,0,59.7V0h1000v59.7 c0,0-62.1,26.1-94.9,29.3c-32.8,3.3-62.8-12.3-75.8-22.1C806,49.6,745.3,8.7,694.9,4.7S492.4,59,473,67.3z\"\/>\n\t<path class=\"elementor-shape-fill\" opacity=\"0.66\" d=\"M734,67.3c-45.5,0-77.2-23.2-129.1-39.1c-28.6-8.7-150.3-10.1-254,39.1 s-91.7-34.4-149.2,0C115.7,118.3,0,39.8,0,39.8V0h1000v36.5c0,0-28.2-18.5-92.1-18.5C810.2,18.1,775.7,67.3,734,67.3z\"\/>\n\t<path class=\"elementor-shape-fill\" d=\"M766.1,28.9c-200-57.5-266,65.5-395.1,19.5C242,1.8,242,5.4,184.8,20.6C128,35.8,132.3,44.9,89.9,52.5C28.6,63.7,0,0,0,0 h1000c0,0-9.9,40.9-83.6,48.1S829.6,47,766.1,28.9z\"\/>\n<\/svg>\t\t<\/div>\n\t\t\t\t\t<div class=\"elementor-container elementor-column-gap-default\">\n\t\t\t\t\t<div class=\"aux-parallax-section elementor-column elementor-col-33 elementor-top-column elementor-element elementor-element-4ef8e59c\" data-id=\"4ef8e59c\" data-element_type=\"column\">\n\t\t\t<div class=\"elementor-widget-wrap elementor-element-populated\">\n\t\t\t\t\t\t<div class=\"elementor-element elementor-element-31954fd elementor-widget elementor-widget-heading\" data-id=\"31954fd\" data-element_type=\"widget\" data-widget_type=\"heading.default\">\n\t\t\t\t<div class=\"elementor-widget-container\">\n\t\t\t\t\t<h3 class=\"elementor-heading-title elementor-size-default\">Hola, soy Cris Stilben, una apasionada de los viajes.<\/h3>\t\t\t\t<\/div>\n\t\t\t\t<\/div>\n\t\t\t\t<div class=\"elementor-element elementor-element-40f8de9d elementor-widget-divider--view-line elementor-widget elementor-widget-divider\" data-id=\"40f8de9d\" data-element_type=\"widget\" data-widget_type=\"divider.default\">\n\t\t\t\t<div class=\"elementor-widget-container\">\n\t\t\t\t\t\t\t<div class=\"elementor-divider\">\n\t\t\t<span class=\"elementor-divider-separator\">\n\t\t\t\t\t\t<\/span>\n\t\t<\/div>\n\t\t\t\t\t\t<\/div>\n\t\t\t\t<\/div>\n\t\t\t\t<div class=\"elementor-element elementor-element-dd0408e elementor-widget elementor-widget-text-editor\" data-id=\"dd0408e\" data-element_type=\"widget\" data-widget_type=\"text-editor.default\">\n\t\t\t\t<div class=\"elementor-widget-container\">\n\t\t\t\t\t\t\t\t\t<p>Todo lo que hice en la vida pens\u00e9 en viajar m\u00e1s, durante toda la universidad ahorr\u00e9 el dinero que pude para empezar mis andanzas, vale, ya hab\u00eda visitado algunos estados brasile\u00f1os, \u00a1pero hasta los 21 a\u00f1os no hab\u00eda salido de Brasil!<\/p><p>Sin embargo, en enero de 2010 todo cambi\u00f3 radicalmente. Hab\u00eda tenido un desenga\u00f1o amoroso y casualmente acababa de graduarme en la universidad, ten\u00eda algo de dinero ahorrado y quer\u00eda lanzarme a ello. Por supuesto, estas historias no pod\u00edan perderse, as\u00ed que cre\u00e9 mi diario de viajes para no olvidar nunca mis historias y aventuras, y as\u00ed naci\u00f3 Cris pelo Mundo.<\/p><p>Un a\u00f1o despu\u00e9s, en 2011, me reencontr\u00e9 con un viejo amigo del colegio, Igor Duarte. Apenas sab\u00eda lo que iba a pasar, pero su lema era algo que realmente encajaba conmigo. \u00c9l cree que lo que sacas de la vida es la vida que llevas y que los momentos hay que vivirlos<br \/>\u00a1intensamente!<\/p><p>Pero, por supuesto, esta historia de vivir la vida intensamente acabar\u00eda, tarde o temprano, dando lugar a la mayor sorpresa que el destino pod\u00eda habernos preparado. En 2015 lleg\u00f3 el peque\u00f1o Emmanuel, dando sentido a todo lo que sent\u00edamos.<\/p>\t\t\t\t\t\t\t\t<\/div>\n\t\t\t\t<\/div>\n\t\t\t\t\t<\/div>\n\t\t<\/div>\n\t\t\t\t<div class=\"aux-parallax-section elementor-column elementor-col-33 elementor-top-column elementor-element elementor-element-4a8784b0\" data-id=\"4a8784b0\" data-element_type=\"column\">\n\t\t\t<div class=\"elementor-widget-wrap elementor-element-populated\">\n\t\t\t\t\t\t<div class=\"elementor-element elementor-element-474bcd0d elementor-widget elementor-widget-image\" data-id=\"474bcd0d\" data-element_type=\"widget\" data-widget_type=\"image.default\">\n\t\t\t\t<div class=\"elementor-widget-container\">\n\t\t\t\t\t\t\t\t\t\t\t\t\t\t\t<img decoding=\"async\" width=\"2058\" height=\"2560\" src=\"https:\/\/crispelomundo.com.br\/wp-content\/uploads\/2022\/03\/CrisPeloMundo_T01E03_Sui\u0301c\u0327a-6-copiar-scaled.webp\" class=\"elementor-animation-grow attachment-full size-full wp-image-7275\" alt=\"- Cris por el mundo\" srcset=\"https:\/\/crispelomundo.com.br\/wp-content\/uploads\/2022\/03\/CrisPeloMundo_T01E03_Sui\u0301c\u0327a-6-copiar-scaled.webp 2058w, https:\/\/crispelomundo.com.br\/wp-content\/uploads\/2022\/03\/CrisPeloMundo_T01E03_Sui\u0301c\u0327a-6-copiar-scaled-600x746.webp 600w, https:\/\/crispelomundo.com.br\/wp-content\/uploads\/2022\/03\/CrisPeloMundo_T01E03_Sui\u0301c\u0327a-6-copiar-1235x1536.webp 1235w, https:\/\/crispelomundo.com.br\/wp-content\/uploads\/2022\/03\/CrisPeloMundo_T01E03_Sui\u0301c\u0327a-6-copiar-1647x2048.webp 1647w\" sizes=\"(max-width: 2058px) 100vw, 2058px\" title=\"- Cris por el mundo\">\t\t\t\t\t\t\t\t\t\t\t\t\t\t\t<\/div>\n\t\t\t\t<\/div>\n\t\t\t\t<div class=\"elementor-element elementor-element-5b2b7da elementor-widget elementor-widget-text-editor\" data-id=\"5b2b7da\" data-element_type=\"widget\" data-widget_type=\"text-editor.default\">\n\t\t\t\t<div class=\"elementor-widget-container\">\n\t\t\t\t\t\t\t\t\t<p>Ya sab\u00eda que viajar en familia ser\u00eda maravilloso y la mejor inversi\u00f3n que pod\u00edamos hacer para el desarrollo del peque\u00f1o Emmanuel, y as\u00ed lo hicimos, cada viaje un vuelo m\u00e1s largo.<\/p><p>Emmanuel es nuestro mejor compa\u00f1ero de viaje y est\u00e1 preparado para cualquier destino. Le hemos dado un sentido m\u00e1s grande a viajar: \u00a1mostrarle a nuestro peque\u00f1o las mejores cosas de la vida!<\/p><p><strong>Al fin y al cabo, viajar en familia es posible y muy divertido.<\/strong><\/p>\t\t\t\t\t\t\t\t<\/div>\n\t\t\t\t<\/div>\n\t\t\t\t<div class=\"elementor-element elementor-element-84b1964 elementor-widget elementor-widget-spacer\" data-id=\"84b1964\" data-element_type=\"widget\" data-widget_type=\"spacer.default\">\n\t\t\t\t<div class=\"elementor-widget-container\">\n\t\t\t\t\t\t\t<div class=\"elementor-spacer\">\n\t\t\t<div class=\"elementor-spacer-inner\"><\/div>\n\t\t<\/div>\n\t\t\t\t\t\t<\/div>\n\t\t\t\t<\/div>\n\t\t\t\t\t<\/div>\n\t\t<\/div>\n\t\t\t\t<div class=\"aux-parallax-section elementor-column elementor-col-33 elementor-top-column elementor-element elementor-element-1ffeaa7\" data-id=\"1ffeaa7\" data-element_type=\"column\">\n\t\t\t<div class=\"elementor-widget-wrap elementor-element-populated\">\n\t\t\t\t\t\t<div class=\"elementor-element elementor-element-4c30931a elementor-widget elementor-widget-text-editor\" data-id=\"4c30931a\" data-element_type=\"widget\" data-widget_type=\"text-editor.default\">\n\t\t\t\t<div class=\"elementor-widget-container\">\n\t\t\t\t\t\t\t\t\t<p>Mi diario de viaje ha crecido, ha tomado YouTube y en 2019 llam\u00f3 la atenci\u00f3n de la televisi\u00f3n, \u00a1superando las barreras de internet! \u00a1Hoy tenemos nuestro propio programa de televisi\u00f3n para animar a que cada vez m\u00e1s familias tambi\u00e9n se lancen a la carretera! \u00a1Tambi\u00e9n puedes seguirnos en plataformas de streaming como Prime Video!<\/p><p>\u00a1Ahhhh! Nuestras aventuras se han convertido en un libro, y estamos muy contentos de compartir m\u00e1s y m\u00e1s momentos con vosotros. Seguro que hay muchos m\u00e1s por venir... bueno, \u00a1uno es muy poco y dos es perfecto, lol!<\/p>\t\t\t\t\t\t\t\t<\/div>\n\t\t\t\t<\/div>\n\t\t\t\t<div class=\"elementor-element elementor-element-5014009c elementor-widget elementor-widget-image\" data-id=\"5014009c\" data-element_type=\"widget\" data-widget_type=\"image.default\">\n\t\t\t\t<div class=\"elementor-widget-container\">\n\t\t\t\t\t\t\t\t\t\t\t\t\t\t\t<img decoding=\"async\" width=\"1920\" height=\"2560\" src=\"https:\/\/crispelomundo.com.br\/wp-content\/uploads\/2022\/03\/CrisPeloMundo_T04E13_NIN_ZADAR3-scaled.jpg\" class=\"elementor-animation-grow attachment-full size-full wp-image-7279\" alt=\"- Cris por el mundo\" srcset=\"https:\/\/crispelomundo.com.br\/wp-content\/uploads\/2022\/03\/CrisPeloMundo_T04E13_NIN_ZADAR3-scaled.jpg 1920w, https:\/\/crispelomundo.com.br\/wp-content\/uploads\/2022\/03\/CrisPeloMundo_T04E13_NIN_ZADAR3-scaled-600x800.jpg 600w, https:\/\/crispelomundo.com.br\/wp-content\/uploads\/2022\/03\/CrisPeloMundo_T04E13_NIN_ZADAR3-1152x1536.jpg 1152w, https:\/\/crispelomundo.com.br\/wp-content\/uploads\/2022\/03\/CrisPeloMundo_T04E13_NIN_ZADAR3-1536x2048.jpg 1536w\" sizes=\"(max-width: 1920px) 100vw, 1920px\" title=\"- Cris por el mundo\">\t\t\t\t\t\t\t\t\t\t\t\t\t\t\t<\/div>\n\t\t\t\t<\/div>\n\t\t\t\t\t<\/div>\n\t\t<\/div>\n\t\t\t\t\t<\/div>\n\t\t<\/section>\n\t\t\t\t<\/div>","protected":false},"excerpt":{"rendered":"<p>Sobre Nosotros Hola, soy Cris Stilben, completamente enamorada de viajar. Todo lo que hice en la vida pens\u00e9 que podr\u00eda viajar m\u00e1s, durante toda la universidad ahorr\u00e9 el dinero que pude para empezar mis andanzas, de acuerdo, ya hab\u00eda visitado algunos estados brasile\u00f1os, pero hasta los 21 a\u00f1os no hab\u00eda [...]<\/p>","protected":false},"author":1,"featured_media":0,"parent":0,"menu_order":13,"comment_status":"closed","ping_status":"closed","template":"","meta":{"footnotes":""},"class_list":["post-6913","page","type-page","status-publish","hentry"],"_links":{"self":[{"href":"https:\/\/crispelomundo.com.br\/es\/wp-json\/wp\/v2\/pages\/6913","targetHints":{"allow":["GET"]}}],"collection":[{"href":"https:\/\/crispelomundo.com.br\/es\/wp-json\/wp\/v2\/pages"}],"about":[{"href":"https:\/\/crispelomundo.com.br\/es\/wp-json\/wp\/v2\/types\/page"}],"author":[{"embeddable":true,"href":"https:\/\/crispelomundo.com.br\/es\/wp-json\/wp\/v2\/users\/1"}],"replies":[{"embeddable":true,"href":"https:\/\/crispelomundo.com.br\/es\/wp-json\/wp\/v2\/comments?post=6913"}],"version-history":[{"count":1,"href":"https:\/\/crispelomundo.com.br\/es\/wp-json\/wp\/v2\/pages\/6913\/revisions"}],"predecessor-version":[{"id":7993,"href":"https:\/\/crispelomundo.com.br\/es\/wp-json\/wp\/v2\/pages\/6913\/revisions\/7993"}],"wp:attachment":[{"href":"https:\/\/crispelomundo.com.br\/es\/wp-json\/wp\/v2\/media?parent=6913"}],"curies":[{"name":"wp","href":"https:\/\/api.w.org\/{rel}","templated":true}]}}