{"id":9,"date":"2022-03-18T13:27:00","date_gmt":"2022-03-18T13:27:00","guid":{"rendered":"http:\/\/crispelomundo.com.br\/?page_id=9"},"modified":"2022-03-31T01:33:12","modified_gmt":"2022-03-31T01:33:12","slug":"refund_returns","status":"publish","type":"page","link":"https:\/\/crispelomundo.com.br\/es\/devoluciones_devolucion\/","title":{"rendered":"Pol\u00edtica de devoluciones y reembolsos"},"content":{"rendered":"<div data-elementor-type=\"wp-page\" data-elementor-id=\"9\" class=\"elementor elementor-9\">\n\t\t\t\t\t\t<section class=\"elementor-section elementor-top-section elementor-element elementor-element-0628b56 elementor-section-full_width elementor-section-height-default elementor-section-height-default\" data-id=\"0628b56\" data-element_type=\"section\" data-settings=\"{&quot;background_background&quot;:&quot;classic&quot;}\">\n\t\t\t\t\t\t<div class=\"elementor-container elementor-column-gap-default\">\n\t\t\t\t\t<div class=\"aux-parallax-section elementor-column elementor-col-100 elementor-top-column elementor-element elementor-element-1b01fc1\" data-id=\"1b01fc1\" data-element_type=\"column\">\n\t\t\t<div class=\"elementor-widget-wrap elementor-element-populated\">\n\t\t\t\t\t\t<div class=\"elementor-element elementor-element-e6f0e62 elementor-widget elementor-widget-heading\" data-id=\"e6f0e62\" data-element_type=\"widget\" data-widget_type=\"heading.default\">\n\t\t\t\t<div class=\"elementor-widget-container\">\n\t\t\t\t\t<h2 class=\"elementor-heading-title elementor-size-default\">Pol\u00edtica de privacidad<\/h2>\t\t\t\t<\/div>\n\t\t\t\t<\/div>\n\t\t\t\t\t<\/div>\n\t\t<\/div>\n\t\t\t\t\t<\/div>\n\t\t<\/section>\n\t\t\t\t<section class=\"elementor-section elementor-top-section elementor-element elementor-element-5e5dd813 elementor-section-boxed elementor-section-height-default elementor-section-height-default\" data-id=\"5e5dd813\" data-element_type=\"section\">\n\t\t\t\t\t\t<div class=\"elementor-container elementor-column-gap-default\">\n\t\t\t\t\t<div class=\"aux-parallax-section elementor-column elementor-col-100 elementor-top-column elementor-element elementor-element-6d177d4d\" data-id=\"6d177d4d\" data-element_type=\"column\">\n\t\t\t<div class=\"elementor-widget-wrap elementor-element-populated\">\n\t\t\t\t\t\t<div class=\"elementor-element elementor-element-7e9b627d elementor-widget elementor-widget-text-editor\" data-id=\"7e9b627d\" data-element_type=\"widget\" data-widget_type=\"text-editor.default\">\n\t\t\t\t<div class=\"elementor-widget-container\">\n\t\t\t\t\t\t\t\t\t\n<h2>Qui\u00e9nes somos<\/h2>\n<p>La direcci\u00f3n de nuestro sitio web es: http:\/\/crispelomundo.com<\/p>\n<h2>Qu\u00e9 datos personales se recogen y c\u00f3mo se recogen<\/h2>\n<h3>Comentarios<\/h3>\n<p>Cuando los visitantes dejan comentarios en el sitio, se guardan los datos contenidos en el formulario de comentarios, as\u00ed como la direcci\u00f3n IP y el agente de usuario del navegador, para ayudar a detectar el spam.<\/p>\n<p>Una cadena an\u00f3nima creada a partir de tu direcci\u00f3n de correo electr\u00f3nico (tambi\u00e9n llamada hash) puede enviarse al servicio Gravatar para verificar que lo est\u00e1s utilizando. La pol\u00edtica de privacidad del servicio Gravatar est\u00e1 disponible aqu\u00ed: https:\/\/automattic.com\/privacy\/. Una vez aprobado tu comentario, tu foto de perfil ser\u00e1 visible para el p\u00fablico en el contexto de tu comentario.<\/p>\n<h3>Multimedia<\/h3>\n<p>Cuando cargue im\u00e1genes en el sitio, evite hacerlo con datos de geolocalizaci\u00f3n incrustados (EXIF GPS). Los visitantes pueden descargar y extraer datos de geolocalizaci\u00f3n de las im\u00e1genes del sitio.<\/p>\n<h3>Formularios de contacto<\/h3>\n<h3>Cookies<\/h3>\n<p>Si deja un comentario en nuestro sitio, puede elegir guardar su nombre, direcci\u00f3n de correo electr\u00f3nico y sitio web en cookies. Esto es para su comodidad, para que no tenga que rellenar sus datos de nuevo cuando deje otro comentario. Estas cookies durar\u00e1n un a\u00f1o.<\/p>\n<p>Si tiene una cuenta e inicia sesi\u00f3n en este sitio, se instalar\u00e1 una cookie temporal para determinar si su navegador acepta cookies. Esta cookie no contiene datos personales y se borrar\u00e1 cuando cierre el navegador.<\/p>\n<p>Cuando inicie sesi\u00f3n, se establecer\u00e1n algunas cookies para almacenar la informaci\u00f3n de su sesi\u00f3n y sus opciones de visualizaci\u00f3n de pantalla. Las cookies de inicio de sesi\u00f3n duran un a\u00f1o. Si selecciona \"Recordarme\", su sesi\u00f3n persistir\u00e1 durante quince d\u00edas. Cuando cierre la sesi\u00f3n, se eliminar\u00e1n las cookies de inicio de sesi\u00f3n.<\/p>\n<p>Si edita o publica un art\u00edculo, se almacenar\u00e1 una cookie adicional en su navegador. Esta cookie no incluye ning\u00fan dato personal, simplemente indica el ID de contenido del art\u00edculo que acaba de editar. Caduca al cabo de 1 d\u00eda.<\/p>\n<h3>Contenido incrustado de otros sitios<\/h3>\n<p>Los art\u00edculos de este sitio pueden incluir contenido incrustado (por ejemplo, v\u00eddeos, im\u00e1genes, art\u00edculos, etc.). El contenido incrustado de otros sitios se comporta como si el usuario estuviera visitando esos sitios.<\/p>\n<p>Este sitio puede recopilar datos sobre usted, utilizar cookies, incorporar el seguimiento de terceros, supervisar sus interacciones con \u00e9l, incluido el registro de interacciones con contenido incrustado si tiene una cuenta y ha iniciado sesi\u00f3n en ese sitio.<\/p>\n<h3>Datos anal\u00edticos<\/h3>\n<h2>Con qui\u00e9n se comparten sus datos<\/h2>\n<h2>Cu\u00e1nto tiempo se conservan sus datos<\/h2>\n<p>Si deja un comentario, el comentario y sus metadatos se guardan indefinidamente. As\u00ed podr\u00e1 reconocer y aprobar autom\u00e1ticamente los comentarios posteriores, en lugar de ponerlos en una cola de moderaci\u00f3n.<\/p>\n<p>Para los usuarios que se registran en nuestro sitio (si los hay), almacenamos la informaci\u00f3n personal proporcionada en su perfil de usuario. Todos los usuarios pueden ver, editar o borrar su informaci\u00f3n personal en cualquier momento (con la excepci\u00f3n de que no pueden cambiar su nombre de usuario). Los administradores del sitio tambi\u00e9n pueden ver y editar esta informaci\u00f3n.<\/p>\n<h2>Qu\u00e9 derechos tiene sobre sus datos<\/h2>\n<p>Si tiene una cuenta en este sitio o ha dejado comentarios, puede solicitar que se le env\u00ede un archivo de exportaci\u00f3n con los datos personales almacenados sobre usted, incluidos los datos personales que haya indicado. Tambi\u00e9n puede solicitar que se eliminen los datos almacenados. Esto no incluye los datos personales que deban conservarse con fines administrativos, legales o de seguridad.<\/p>\n<h2>D\u00f3nde se env\u00edan sus datos<\/h2>\n<p>Los comentarios de los visitantes pueden ser controlados por un servicio autom\u00e1tico de detecci\u00f3n de spam.<\/p>\n<h2>Sus datos de contacto<\/h2>\n<h2>Informaci\u00f3n complementaria<\/h2>\n<h3>C\u00f3mo se protegen sus datos<\/h3>\n<h3>Procedimientos previstos en caso de violaci\u00f3n de datos<\/h3>\n<h3>De qu\u00e9 terceros recibimos datos<\/h3>\n<h3>Qu\u00e9 decisiones y\/o configuraciones automatizadas de perfiles realizamos con los datos de los usuarios.<\/h3>\n<h3>Requisitos de informaci\u00f3n del sector regulado<\/h3>\n<h3>Plugin: Smush<\/h3>\n<p>Nota: Smush no interact\u00faa con los usuarios finales en su sitio web. La \u00fanica opci\u00f3n de entrada que Smush tiene es una suscripci\u00f3n a un bolet\u00edn de noticias s\u00f3lo para los administradores del sitio. Si desea notificar a sus usuarios de esto en su pol\u00edtica de privacidad, puede utilizar la siguiente informaci\u00f3n.<\/p>\n<p>Smush env\u00eda im\u00e1genes a los servidores de WPMU DEV para optimizarlas para su uso en la web. Esto incluye la transferencia de datos EXIF. Los datos EXIF se eliminar\u00e1n o se devolver\u00e1n tal cual. No se almacenan en los servidores de WPMU DEV.<\/p>\n<p>Smush utiliza un servicio de correo electr\u00f3nico de terceros (Drip) para enviar correos electr\u00f3nicos informativos al administrador del sitio. La direcci\u00f3n de correo electr\u00f3nico del administrador se env\u00eda a Drip y el servicio instala una cookie. S\u00f3lo la informaci\u00f3n del administrador es recogida por Drip.<\/p>\n\t\t\t\t\t\t\t\t<\/div>\n\t\t\t\t<\/div>\n\t\t\t\t\t<\/div>\n\t\t<\/div>\n\t\t\t\t\t<\/div>\n\t\t<\/section>\n\t\t\t\t<\/div>","protected":false},"excerpt":{"rendered":"<p>Pol\u00edtica de privacidad Qui\u00e9nes somos La direcci\u00f3n de nuestro sitio web es: http:\/\/crispelomundo.com Qu\u00e9 datos personales se recogen y c\u00f3mo se recogen Comentarios Cuando los visitantes dejan comentarios en el sitio web, los datos contenidos en el formulario de comentarios, as\u00ed como la direcci\u00f3n IP y el agente de usuario del navegador, se almacenan para ayudar [...].<\/p>","protected":false},"author":1,"featured_media":0,"parent":0,"menu_order":10,"comment_status":"closed","ping_status":"closed","template":"","meta":{"footnotes":""},"class_list":["post-9","page","type-page","status-publish","hentry"],"_links":{"self":[{"href":"https:\/\/crispelomundo.com.br\/es\/wp-json\/wp\/v2\/pages\/9","targetHints":{"allow":["GET"]}}],"collection":[{"href":"https:\/\/crispelomundo.com.br\/es\/wp-json\/wp\/v2\/pages"}],"about":[{"href":"https:\/\/crispelomundo.com.br\/es\/wp-json\/wp\/v2\/types\/page"}],"author":[{"embeddable":true,"href":"https:\/\/crispelomundo.com.br\/es\/wp-json\/wp\/v2\/users\/1"}],"replies":[{"embeddable":true,"href":"https:\/\/crispelomundo.com.br\/es\/wp-json\/wp\/v2\/comments?post=9"}],"version-history":[{"count":0,"href":"https:\/\/crispelomundo.com.br\/es\/wp-json\/wp\/v2\/pages\/9\/revisions"}],"wp:attachment":[{"href":"https:\/\/crispelomundo.com.br\/es\/wp-json\/wp\/v2\/media?parent=9"}],"curies":[{"name":"wp","href":"https:\/\/api.w.org\/{rel}","templated":true}]}}