{"id":6913,"date":"2022-03-29T14:42:57","date_gmt":"2022-03-29T14:42:57","guid":{"rendered":"http:\/\/crispelomundo.com.br\/?page_id=6913"},"modified":"2023-11-01T18:41:55","modified_gmt":"2023-11-01T15:41:55","slug":"quem-somos","status":"publish","type":"page","link":"https:\/\/crispelomundo.com.br\/fr\/qui-nous-sommes\/","title":{"rendered":"Qui sommes-nous ?"},"content":{"rendered":"<div data-elementor-type=\"wp-page\" data-elementor-id=\"6913\" class=\"elementor elementor-6913\">\n\t\t\t\t\t\t<section class=\"elementor-section elementor-top-section elementor-element elementor-element-93b1cd5 elementor-section-boxed elementor-section-height-default elementor-section-height-default\" data-id=\"93b1cd5\" data-element_type=\"section\" data-settings=\"{&quot;background_background&quot;:&quot;classic&quot;,&quot;shape_divider_bottom&quot;:&quot;mountains&quot;}\">\n\t\t\t\t\t<div class=\"elementor-shape elementor-shape-bottom\" aria-hidden=\"true\" data-negative=\"false\">\n\t\t\t<svg xmlns=\"http:\/\/www.w3.org\/2000\/svg\" viewbox=\"0 0 1000 100\" preserveaspectratio=\"none\">\n\t<path class=\"elementor-shape-fill\" opacity=\"0.33\" d=\"M473,67.3c-203.9,88.3-263.1-34-320.3,0C66,119.1,0,59.7,0,59.7V0h1000v59.7 c0,0-62.1,26.1-94.9,29.3c-32.8,3.3-62.8-12.3-75.8-22.1C806,49.6,745.3,8.7,694.9,4.7S492.4,59,473,67.3z\"\/>\n\t<path class=\"elementor-shape-fill\" opacity=\"0.66\" d=\"M734,67.3c-45.5,0-77.2-23.2-129.1-39.1c-28.6-8.7-150.3-10.1-254,39.1 s-91.7-34.4-149.2,0C115.7,118.3,0,39.8,0,39.8V0h1000v36.5c0,0-28.2-18.5-92.1-18.5C810.2,18.1,775.7,67.3,734,67.3z\"\/>\n\t<path class=\"elementor-shape-fill\" d=\"M766.1,28.9c-200-57.5-266,65.5-395.1,19.5C242,1.8,242,5.4,184.8,20.6C128,35.8,132.3,44.9,89.9,52.5C28.6,63.7,0,0,0,0 h1000c0,0-9.9,40.9-83.6,48.1S829.6,47,766.1,28.9z\"\/>\n<\/svg>\t\t<\/div>\n\t\t\t\t\t<div class=\"elementor-container elementor-column-gap-default\">\n\t\t\t\t\t<div class=\"aux-parallax-section elementor-column elementor-col-100 elementor-top-column elementor-element elementor-element-3424530\" data-id=\"3424530\" data-element_type=\"column\">\n\t\t\t<div class=\"elementor-widget-wrap elementor-element-populated\">\n\t\t\t\t\t\t<div class=\"aux-scroll-anim elementor-element elementor-element-33784e5 elementor-widget elementor-widget-heading\" data-move-in=\"moveVertical\" data-move-out=\"moveVertical\" data-axis-x=\"200\" data-axis-y=\"-10\" data-rotate=\"90\" data-scale=\"1\" data-vp-top=\"0.5\" data-vp-bot=\"0.5\" data-el-top=\"0.2\" data-scroll-animation-off=\"1024\" data-id=\"33784e5\" data-element_type=\"widget\" data-widget_type=\"heading.default\">\n\t\t\t\t<div class=\"elementor-widget-container\">\n\t\t\t\t\t<h2 class=\"elementor-heading-title elementor-size-default\">\u00c0 propos de nous<\/h2>\t\t\t\t<\/div>\n\t\t\t\t<\/div>\n\t\t\t\t<div class=\"elementor-element elementor-element-10e2a6e elementor-absolute elementor-widget elementor-widget-image\" data-id=\"10e2a6e\" data-element_type=\"widget\" data-settings=\"{&quot;_position&quot;:&quot;absolute&quot;}\" data-widget_type=\"image.default\">\n\t\t\t\t<div class=\"elementor-widget-container\">\n\t\t\t\t\t\t\t\t\t\t\t\t\t\t\t<img fetchpriority=\"high\" decoding=\"async\" width=\"461\" height=\"541\" src=\"https:\/\/crispelomundo.com.br\/wp-content\/uploads\/2022\/03\/familia.png\" class=\"attachment-full size-full wp-image-7264\" alt=\"- Cris autour du monde\" title=\"- Cris autour du monde\">\t\t\t\t\t\t\t\t\t\t\t\t\t\t\t<\/div>\n\t\t\t\t<\/div>\n\t\t\t\t\t<\/div>\n\t\t<\/div>\n\t\t\t\t\t<\/div>\n\t\t<\/section>\n\t\t\t\t<section class=\"elementor-section elementor-top-section elementor-element elementor-element-6829f8b elementor-section-boxed elementor-section-height-default elementor-section-height-default\" data-id=\"6829f8b\" data-element_type=\"section\" data-settings=\"{&quot;background_background&quot;:&quot;classic&quot;}\">\n\t\t\t\t\t\t<div class=\"elementor-container elementor-column-gap-default\">\n\t\t\t\t\t<div class=\"aux-parallax-section elementor-column elementor-col-100 elementor-top-column elementor-element elementor-element-f6353ed\" data-id=\"f6353ed\" data-element_type=\"column\">\n\t\t\t<div class=\"elementor-widget-wrap\">\n\t\t\t\t\t\t\t<\/div>\n\t\t<\/div>\n\t\t\t\t\t<\/div>\n\t\t<\/section>\n\t\t\t\t<section class=\"elementor-section elementor-top-section elementor-element elementor-element-51fb6926 elementor-section-content-middle elementor-section-boxed elementor-section-height-default elementor-section-height-default\" data-id=\"51fb6926\" data-element_type=\"section\" data-settings=\"{&quot;background_background&quot;:&quot;classic&quot;,&quot;shape_divider_bottom&quot;:&quot;mountains&quot;}\">\n\t\t\t\t\t<div class=\"elementor-shape elementor-shape-bottom\" aria-hidden=\"true\" data-negative=\"false\">\n\t\t\t<svg xmlns=\"http:\/\/www.w3.org\/2000\/svg\" viewbox=\"0 0 1000 100\" preserveaspectratio=\"none\">\n\t<path class=\"elementor-shape-fill\" opacity=\"0.33\" d=\"M473,67.3c-203.9,88.3-263.1-34-320.3,0C66,119.1,0,59.7,0,59.7V0h1000v59.7 c0,0-62.1,26.1-94.9,29.3c-32.8,3.3-62.8-12.3-75.8-22.1C806,49.6,745.3,8.7,694.9,4.7S492.4,59,473,67.3z\"\/>\n\t<path class=\"elementor-shape-fill\" opacity=\"0.66\" d=\"M734,67.3c-45.5,0-77.2-23.2-129.1-39.1c-28.6-8.7-150.3-10.1-254,39.1 s-91.7-34.4-149.2,0C115.7,118.3,0,39.8,0,39.8V0h1000v36.5c0,0-28.2-18.5-92.1-18.5C810.2,18.1,775.7,67.3,734,67.3z\"\/>\n\t<path class=\"elementor-shape-fill\" d=\"M766.1,28.9c-200-57.5-266,65.5-395.1,19.5C242,1.8,242,5.4,184.8,20.6C128,35.8,132.3,44.9,89.9,52.5C28.6,63.7,0,0,0,0 h1000c0,0-9.9,40.9-83.6,48.1S829.6,47,766.1,28.9z\"\/>\n<\/svg>\t\t<\/div>\n\t\t\t\t\t<div class=\"elementor-container elementor-column-gap-default\">\n\t\t\t\t\t<div class=\"aux-parallax-section elementor-column elementor-col-33 elementor-top-column elementor-element elementor-element-4ef8e59c\" data-id=\"4ef8e59c\" data-element_type=\"column\">\n\t\t\t<div class=\"elementor-widget-wrap elementor-element-populated\">\n\t\t\t\t\t\t<div class=\"elementor-element elementor-element-31954fd elementor-widget elementor-widget-heading\" data-id=\"31954fd\" data-element_type=\"widget\" data-widget_type=\"heading.default\">\n\t\t\t\t<div class=\"elementor-widget-container\">\n\t\t\t\t\t<h3 class=\"elementor-heading-title elementor-size-default\">Bonjour, je suis Cris Stilben, un passionn\u00e9 de voyages.<\/h3>\t\t\t\t<\/div>\n\t\t\t\t<\/div>\n\t\t\t\t<div class=\"elementor-element elementor-element-40f8de9d elementor-widget-divider--view-line elementor-widget elementor-widget-divider\" data-id=\"40f8de9d\" data-element_type=\"widget\" data-widget_type=\"divider.default\">\n\t\t\t\t<div class=\"elementor-widget-container\">\n\t\t\t\t\t\t\t<div class=\"elementor-divider\">\n\t\t\t<span class=\"elementor-divider-separator\">\n\t\t\t\t\t\t<\/span>\n\t\t<\/div>\n\t\t\t\t\t\t<\/div>\n\t\t\t\t<\/div>\n\t\t\t\t<div class=\"elementor-element elementor-element-dd0408e elementor-widget elementor-widget-text-editor\" data-id=\"dd0408e\" data-element_type=\"widget\" data-widget_type=\"text-editor.default\">\n\t\t\t\t<div class=\"elementor-widget-container\">\n\t\t\t\t\t\t\t\t\t<p>Tout au long de mes \u00e9tudes, j'ai \u00e9conomis\u00e9 l'argent que je pouvais pour commencer \u00e0 voyager. D'accord, j'avais d\u00e9j\u00e0 visit\u00e9 quelques \u00c9tats br\u00e9siliens, mais jusqu'\u00e0 l'\u00e2ge de 21 ans, je n'avais m\u00eame pas quitt\u00e9 le Br\u00e9sil !<\/p><p>Cependant, en janvier 2010, tout a radicalement chang\u00e9. J'avais eu un chagrin d'amour et, par co\u00efncidence, je venais d'obtenir mon dipl\u00f4me universitaire, j'avais un peu d'argent de c\u00f4t\u00e9 et je voulais me lancer. Bien s\u00fbr, ces histoires ne pouvaient pas \u00eatre perdues, alors j'ai cr\u00e9\u00e9 mon carnet de voyage pour ne jamais oublier mes histoires et mes aventures, et c'est ainsi que Cris pelo Mundo est n\u00e9.<\/p><p>Un an plus tard, en 2011, j'ai repris contact avec un ancien camarade de classe, Igor Duarte. Je ne savais pas ce qui allait se passer, mais sa devise me convenait parfaitement. Il pense que ce que l'on retire de la vie est la vie que l'on m\u00e8ne et que les moments doivent \u00eatre v\u00e9cus<br \/>intens\u00e9ment !<\/p><p>Mais bien s\u00fbr, cette histoire de vie intense devait finir, t\u00f4t ou tard, par aboutir \u00e0 la plus grande surprise que le destin ait pu nous pr\u00e9parer. En 2015, le petit Emmanuel est arriv\u00e9, donnant un sens \u00e0 tout ce que nous ressentions.<\/p>\t\t\t\t\t\t\t\t<\/div>\n\t\t\t\t<\/div>\n\t\t\t\t\t<\/div>\n\t\t<\/div>\n\t\t\t\t<div class=\"aux-parallax-section elementor-column elementor-col-33 elementor-top-column elementor-element elementor-element-4a8784b0\" data-id=\"4a8784b0\" data-element_type=\"column\">\n\t\t\t<div class=\"elementor-widget-wrap elementor-element-populated\">\n\t\t\t\t\t\t<div class=\"elementor-element elementor-element-474bcd0d elementor-widget elementor-widget-image\" data-id=\"474bcd0d\" data-element_type=\"widget\" data-widget_type=\"image.default\">\n\t\t\t\t<div class=\"elementor-widget-container\">\n\t\t\t\t\t\t\t\t\t\t\t\t\t\t\t<img decoding=\"async\" width=\"2058\" height=\"2560\" src=\"https:\/\/crispelomundo.com.br\/wp-content\/uploads\/2022\/03\/CrisPeloMundo_T01E03_Sui\u0301c\u0327a-6-copiar-scaled.webp\" class=\"elementor-animation-grow attachment-full size-full wp-image-7275\" alt=\"- Cris autour du monde\" srcset=\"https:\/\/crispelomundo.com.br\/wp-content\/uploads\/2022\/03\/CrisPeloMundo_T01E03_Sui\u0301c\u0327a-6-copiar-scaled.webp 2058w, https:\/\/crispelomundo.com.br\/wp-content\/uploads\/2022\/03\/CrisPeloMundo_T01E03_Sui\u0301c\u0327a-6-copiar-scaled-600x746.webp 600w, https:\/\/crispelomundo.com.br\/wp-content\/uploads\/2022\/03\/CrisPeloMundo_T01E03_Sui\u0301c\u0327a-6-copiar-1235x1536.webp 1235w, https:\/\/crispelomundo.com.br\/wp-content\/uploads\/2022\/03\/CrisPeloMundo_T01E03_Sui\u0301c\u0327a-6-copiar-1647x2048.webp 1647w\" sizes=\"(max-width: 2058px) 100vw, 2058px\" title=\"- Cris autour du monde\">\t\t\t\t\t\t\t\t\t\t\t\t\t\t\t<\/div>\n\t\t\t\t<\/div>\n\t\t\t\t<div class=\"elementor-element elementor-element-5b2b7da elementor-widget elementor-widget-text-editor\" data-id=\"5b2b7da\" data-element_type=\"widget\" data-widget_type=\"text-editor.default\">\n\t\t\t\t<div class=\"elementor-widget-container\">\n\t\t\t\t\t\t\t\t\t<p>Je savais d\u00e9j\u00e0 que voyager en famille serait merveilleux et le meilleur investissement que nous puissions faire pour le d\u00e9veloppement du petit Emmanuel, et c'est ce que nous avons fait, chaque voyage \u00e9tant un vol plus long.<\/p><p>Emmanuel est notre meilleur partenaire de voyage et il est pr\u00eat \u00e0 partir pour n'importe quelle destination ! Nous avons trouv\u00e9 un sens plus important au voyage : montrer \u00e0 notre petit les meilleures choses de la vie !<\/p><p><strong>Apr\u00e8s tout, voyager en famille est possible et tr\u00e8s amusant !<\/strong><\/p>\t\t\t\t\t\t\t\t<\/div>\n\t\t\t\t<\/div>\n\t\t\t\t<div class=\"elementor-element elementor-element-84b1964 elementor-widget elementor-widget-spacer\" data-id=\"84b1964\" data-element_type=\"widget\" data-widget_type=\"spacer.default\">\n\t\t\t\t<div class=\"elementor-widget-container\">\n\t\t\t\t\t\t\t<div class=\"elementor-spacer\">\n\t\t\t<div class=\"elementor-spacer-inner\"><\/div>\n\t\t<\/div>\n\t\t\t\t\t\t<\/div>\n\t\t\t\t<\/div>\n\t\t\t\t\t<\/div>\n\t\t<\/div>\n\t\t\t\t<div class=\"aux-parallax-section elementor-column elementor-col-33 elementor-top-column elementor-element elementor-element-1ffeaa7\" data-id=\"1ffeaa7\" data-element_type=\"column\">\n\t\t\t<div class=\"elementor-widget-wrap elementor-element-populated\">\n\t\t\t\t\t\t<div class=\"elementor-element elementor-element-4c30931a elementor-widget elementor-widget-text-editor\" data-id=\"4c30931a\" data-element_type=\"widget\" data-widget_type=\"text-editor.default\">\n\t\t\t\t<div class=\"elementor-widget-container\">\n\t\t\t\t\t\t\t\t\t<p>Mon carnet de voyage a pris de l'ampleur, a envahi YouTube et, en 2019, a attir\u00e9 l'attention de la t\u00e9l\u00e9vision, surmontant ainsi les barri\u00e8res de l'internet ! Aujourd'hui, nous avons notre propre programme t\u00e9l\u00e9vis\u00e9 pour encourager de plus en plus de familles \u00e0 prendre la route elles aussi ! Vous pouvez \u00e9galement nous suivre sur des plateformes de streaming telles que Prime Video !<\/p><p>Ahhhh ! Nos aventures sont devenues un livre, et nous sommes extr\u00eamement heureux de partager de plus en plus de moments avec vous. Je suis s\u00fbre qu'il y en a encore beaucoup \u00e0 venir... enfin, un c'est trop peu et deux c'est parfait, lol !<\/p>\t\t\t\t\t\t\t\t<\/div>\n\t\t\t\t<\/div>\n\t\t\t\t<div class=\"elementor-element elementor-element-5014009c elementor-widget elementor-widget-image\" data-id=\"5014009c\" data-element_type=\"widget\" data-widget_type=\"image.default\">\n\t\t\t\t<div class=\"elementor-widget-container\">\n\t\t\t\t\t\t\t\t\t\t\t\t\t\t\t<img decoding=\"async\" width=\"1920\" height=\"2560\" src=\"https:\/\/crispelomundo.com.br\/wp-content\/uploads\/2022\/03\/CrisPeloMundo_T04E13_NIN_ZADAR3-scaled.jpg\" class=\"elementor-animation-grow attachment-full size-full wp-image-7279\" alt=\"- Cris autour du monde\" srcset=\"https:\/\/crispelomundo.com.br\/wp-content\/uploads\/2022\/03\/CrisPeloMundo_T04E13_NIN_ZADAR3-scaled.jpg.webp 1920w, https:\/\/crispelomundo.com.br\/wp-content\/uploads\/2022\/03\/CrisPeloMundo_T04E13_NIN_ZADAR3-scaled-600x800.jpg.webp 600w, https:\/\/crispelomundo.com.br\/wp-content\/uploads\/2022\/03\/CrisPeloMundo_T04E13_NIN_ZADAR3-1152x1536.jpg.webp 1152w, https:\/\/crispelomundo.com.br\/wp-content\/uploads\/2022\/03\/CrisPeloMundo_T04E13_NIN_ZADAR3-1536x2048.jpg.webp 1536w\" sizes=\"(max-width: 1920px) 100vw, 1920px\" title=\"- Cris autour du monde\">\t\t\t\t\t\t\t\t\t\t\t\t\t\t\t<\/div>\n\t\t\t\t<\/div>\n\t\t\t\t\t<\/div>\n\t\t<\/div>\n\t\t\t\t\t<\/div>\n\t\t<\/section>\n\t\t\t\t<\/div>","protected":false},"excerpt":{"rendered":"<p>A propos de nous Bonjour, je suis Cris Stilben, compl\u00e8tement amoureuse des voyages. Tout ce que j'ai fait dans la vie, j'ai pens\u00e9 que je pourrais voyager davantage, pendant toute la dur\u00e9e de l'universit\u00e9, j'ai \u00e9conomis\u00e9 l'argent que je pouvais pour commencer mes voyages, d'accord, j'avais d\u00e9j\u00e0 visit\u00e9 quelques \u00e9tats br\u00e9siliens, mais jusqu'\u00e0 l'\u00e2ge de 21 ans, je n'avais m\u00eame pas [...]<\/p>","protected":false},"author":1,"featured_media":0,"parent":0,"menu_order":13,"comment_status":"closed","ping_status":"closed","template":"","meta":{"footnotes":""},"class_list":["post-6913","page","type-page","status-publish","hentry"],"_links":{"self":[{"href":"https:\/\/crispelomundo.com.br\/fr\/wp-json\/wp\/v2\/pages\/6913","targetHints":{"allow":["GET"]}}],"collection":[{"href":"https:\/\/crispelomundo.com.br\/fr\/wp-json\/wp\/v2\/pages"}],"about":[{"href":"https:\/\/crispelomundo.com.br\/fr\/wp-json\/wp\/v2\/types\/page"}],"author":[{"embeddable":true,"href":"https:\/\/crispelomundo.com.br\/fr\/wp-json\/wp\/v2\/users\/1"}],"replies":[{"embeddable":true,"href":"https:\/\/crispelomundo.com.br\/fr\/wp-json\/wp\/v2\/comments?post=6913"}],"version-history":[{"count":1,"href":"https:\/\/crispelomundo.com.br\/fr\/wp-json\/wp\/v2\/pages\/6913\/revisions"}],"predecessor-version":[{"id":7993,"href":"https:\/\/crispelomundo.com.br\/fr\/wp-json\/wp\/v2\/pages\/6913\/revisions\/7993"}],"wp:attachment":[{"href":"https:\/\/crispelomundo.com.br\/fr\/wp-json\/wp\/v2\/media?parent=6913"}],"curies":[{"name":"wp","href":"https:\/\/api.w.org\/{rel}","templated":true}]}}