{"id":9,"date":"2022-03-18T13:27:00","date_gmt":"2022-03-18T13:27:00","guid":{"rendered":"http:\/\/crispelomundo.com.br\/?page_id=9"},"modified":"2022-03-31T01:33:12","modified_gmt":"2022-03-31T01:33:12","slug":"refund_returns","status":"publish","type":"page","link":"https:\/\/crispelomundo.com.br\/fr\/remboursements\/","title":{"rendered":"Politique de remboursement et de retour"},"content":{"rendered":"<div data-elementor-type=\"wp-page\" data-elementor-id=\"9\" class=\"elementor elementor-9\">\n\t\t\t\t\t\t<section class=\"elementor-section elementor-top-section elementor-element elementor-element-0628b56 elementor-section-full_width elementor-section-height-default elementor-section-height-default\" data-id=\"0628b56\" data-element_type=\"section\" data-settings=\"{&quot;background_background&quot;:&quot;classic&quot;}\">\n\t\t\t\t\t\t<div class=\"elementor-container elementor-column-gap-default\">\n\t\t\t\t\t<div class=\"aux-parallax-section elementor-column elementor-col-100 elementor-top-column elementor-element elementor-element-1b01fc1\" data-id=\"1b01fc1\" data-element_type=\"column\">\n\t\t\t<div class=\"elementor-widget-wrap elementor-element-populated\">\n\t\t\t\t\t\t<div class=\"elementor-element elementor-element-e6f0e62 elementor-widget elementor-widget-heading\" data-id=\"e6f0e62\" data-element_type=\"widget\" data-widget_type=\"heading.default\">\n\t\t\t\t<div class=\"elementor-widget-container\">\n\t\t\t\t\t<h2 class=\"elementor-heading-title elementor-size-default\">Politique de confidentialit\u00e9<\/h2>\t\t\t\t<\/div>\n\t\t\t\t<\/div>\n\t\t\t\t\t<\/div>\n\t\t<\/div>\n\t\t\t\t\t<\/div>\n\t\t<\/section>\n\t\t\t\t<section class=\"elementor-section elementor-top-section elementor-element elementor-element-5e5dd813 elementor-section-boxed elementor-section-height-default elementor-section-height-default\" data-id=\"5e5dd813\" data-element_type=\"section\">\n\t\t\t\t\t\t<div class=\"elementor-container elementor-column-gap-default\">\n\t\t\t\t\t<div class=\"aux-parallax-section elementor-column elementor-col-100 elementor-top-column elementor-element elementor-element-6d177d4d\" data-id=\"6d177d4d\" data-element_type=\"column\">\n\t\t\t<div class=\"elementor-widget-wrap elementor-element-populated\">\n\t\t\t\t\t\t<div class=\"elementor-element elementor-element-7e9b627d elementor-widget elementor-widget-text-editor\" data-id=\"7e9b627d\" data-element_type=\"widget\" data-widget_type=\"text-editor.default\">\n\t\t\t\t<div class=\"elementor-widget-container\">\n\t\t\t\t\t\t\t\t\t\n<h2>Qui sommes-nous ?<\/h2>\n<p>L'adresse de notre site web est la suivante : http:\/\/crispelomundo.com<\/p>\n<h2>Quelles sont les donn\u00e9es \u00e0 caract\u00e8re personnel collect\u00e9es et comment sont-elles collect\u00e9es ?<\/h2>\n<h3>Commentaires<\/h3>\n<p>Lorsque les visiteurs laissent des commentaires sur le site, les donn\u00e9es contenues dans le formulaire de commentaire sont enregistr\u00e9es, ainsi que l'adresse IP et l'agent utilisateur du navigateur, afin de faciliter la d\u00e9tection des spams.<\/p>\n<p>Une cha\u00eene anonyme cr\u00e9\u00e9e \u00e0 partir de votre adresse \u00e9lectronique (\u00e9galement appel\u00e9e \"hash\") peut \u00eatre envoy\u00e9e au service Gravatar pour v\u00e9rifier que vous l'utilisez. La politique de confidentialit\u00e9 du service Gravatar est disponible ici : https:\/\/automattic.com\/privacy\/. Une fois votre commentaire approuv\u00e9, votre photo de profil sera visible par le public dans le contexte de votre commentaire.<\/p>\n<h3>Multim\u00e9dia<\/h3>\n<p>Lorsque vous t\u00e9l\u00e9chargez des images sur le site, vous devez \u00e9viter de t\u00e9l\u00e9charger des images contenant des donn\u00e9es de g\u00e9olocalisation (EXIF GPS). Les visiteurs peuvent t\u00e9l\u00e9charger et extraire les donn\u00e9es de g\u00e9olocalisation des images sur le site.<\/p>\n<h3>Formulaires de contact<\/h3>\n<h3>Cookies<\/h3>\n<p>Si vous laissez un commentaire sur notre site, vous pouvez choisir d'enregistrer votre nom, votre adresse \u00e9lectronique et votre site web dans des cookies. Cela vous permet de ne pas avoir \u00e0 remplir \u00e0 nouveau vos coordonn\u00e9es lorsque vous laissez un autre commentaire. Ces cookies ont une dur\u00e9e de vie d'un an.<\/p>\n<p>Si vous avez un compte et que vous vous connectez \u00e0 ce site, un cookie temporaire sera install\u00e9 pour d\u00e9terminer si votre navigateur accepte les cookies. Ce cookie ne contient aucune donn\u00e9e personnelle et sera supprim\u00e9 lorsque vous fermerez votre navigateur.<\/p>\n<p>Lorsque vous vous connectez, certains cookies sont install\u00e9s pour stocker vos informations de session et vos choix d'affichage \u00e0 l'\u00e9cran. Les cookies de connexion ont une dur\u00e9e de vie d'un an. Si vous s\u00e9lectionnez \"Se souvenir de moi\", votre session sera conserv\u00e9e pendant une quinzaine de jours. Lorsque vous vous d\u00e9connectez, les cookies de connexion sont supprim\u00e9s.<\/p>\n<p>Si vous modifiez ou publiez un article, un cookie suppl\u00e9mentaire sera stock\u00e9 dans votre navigateur. Ce cookie ne contient aucune donn\u00e9e personnelle, il indique simplement l'identifiant du contenu de l'article que vous venez de modifier. Il expire au bout d'un jour.<\/p>\n<h3>Contenu int\u00e9gr\u00e9 d'autres sites<\/h3>\n<p>Les articles de ce site peuvent contenir du contenu int\u00e9gr\u00e9 (par exemple des vid\u00e9os, des images, des articles, etc.). Le contenu int\u00e9gr\u00e9 provenant d'autres sites se comporte comme si l'utilisateur visitait ces sites.<\/p>\n<p>Ce site peut collecter des donn\u00e9es vous concernant, utiliser des cookies, int\u00e9grer le suivi de tiers, surveiller vos interactions avec lui, y compris l'enregistrement des interactions avec le contenu int\u00e9gr\u00e9 si vous avez un compte et que vous \u00eates connect\u00e9 \u00e0 ce site.<\/p>\n<h3>Donn\u00e9es analytiques<\/h3>\n<h2>Avec qui vos donn\u00e9es sont-elles partag\u00e9es ?<\/h2>\n<h2>Dur\u00e9e de conservation des donn\u00e9es<\/h2>\n<p>Si vous laissez un commentaire, celui-ci et ses m\u00e9tadonn\u00e9es sont sauvegard\u00e9s ind\u00e9finiment. Cela vous permet de reconna\u00eetre et d'approuver automatiquement les commentaires suivants, plut\u00f4t que de les placer dans une file d'attente de mod\u00e9ration.<\/p>\n<p>Pour les utilisateurs qui s'inscrivent sur notre site (le cas \u00e9ch\u00e9ant), nous stockons les informations personnelles fournies dans leur profil d'utilisateur. Tous les utilisateurs peuvent consulter, modifier ou supprimer leurs informations personnelles \u00e0 tout moment (\u00e0 l'exception du fait qu'ils ne peuvent pas changer leur nom d'utilisateur). Les administrateurs du site peuvent \u00e9galement consulter et modifier ces informations.<\/p>\n<h2>Quels sont les droits dont vous disposez sur vos donn\u00e9es ?<\/h2>\n<p>Si vous avez un compte sur ce site ou si vous avez laiss\u00e9 des commentaires, vous pouvez demander \u00e0 recevoir un fichier d'exportation contenant les donn\u00e9es personnelles stock\u00e9es \u00e0 votre sujet, y compris celles que vous avez indiqu\u00e9es. Vous pouvez \u00e9galement demander \u00e0 ce que les donn\u00e9es stock\u00e9es soient supprim\u00e9es. Cela n'inclut pas les donn\u00e9es personnelles dont la conservation est n\u00e9cessaire \u00e0 des fins administratives, juridiques ou de s\u00e9curit\u00e9.<\/p>\n<h2>O\u00f9 vos donn\u00e9es sont-elles envoy\u00e9es ?<\/h2>\n<p>Les commentaires des visiteurs peuvent \u00eatre v\u00e9rifi\u00e9s par un service de d\u00e9tection automatique des spams.<\/p>\n<h2>Vos coordonn\u00e9es<\/h2>\n<h2>Informations compl\u00e9mentaires<\/h2>\n<h3>Comment vos donn\u00e9es sont-elles prot\u00e9g\u00e9es ?<\/h3>\n<h3>Proc\u00e9dures envisag\u00e9es en cas de violation de donn\u00e9es<\/h3>\n<h3>Quels sont les tiers qui nous transmettent des donn\u00e9es ?<\/h3>\n<h3>les d\u00e9cisions et\/ou les param\u00e8tres de profil automatis\u00e9s que nous prenons avec les donn\u00e9es des utilisateurs.<\/h3>\n<h3>Exigences de d\u00e9claration du secteur r\u00e9glement\u00e9<\/h3>\n<h3>Plugin : Smush<\/h3>\n<p>Note : Smush n'interagit pas avec les utilisateurs finaux de votre site web. La seule option d'entr\u00e9e dont dispose Smush est l'abonnement \u00e0 un bulletin d'information r\u00e9serv\u00e9 aux administrateurs du site. Si vous souhaitez en informer vos utilisateurs dans votre politique de confidentialit\u00e9, vous pouvez utiliser les informations ci-dessous.<\/p>\n<p>Smush envoie des images aux serveurs de WPMU DEV pour les optimiser en vue d'une utilisation sur le web. Cela inclut le transfert des donn\u00e9es EXIF. Les donn\u00e9es EXIF seront soit supprim\u00e9es, soit renvoy\u00e9es telles quelles. Elles ne sont pas stock\u00e9es sur les serveurs de WPMU DEV.<\/p>\n<p>Smush utilise un service de courrier \u00e9lectronique tiers (Drip) pour envoyer des courriers \u00e9lectroniques d'information \u00e0 l'administrateur du site. L'adresse \u00e9lectronique de l'administrateur est envoy\u00e9e \u00e0 Drip et un cookie est plac\u00e9 par le service. Seules les informations relatives \u00e0 l'administrateur sont collect\u00e9es par Drip.<\/p>\n\t\t\t\t\t\t\t\t<\/div>\n\t\t\t\t<\/div>\n\t\t\t\t\t<\/div>\n\t\t<\/div>\n\t\t\t\t\t<\/div>\n\t\t<\/section>\n\t\t\t\t<\/div>","protected":false},"excerpt":{"rendered":"<p>Pol\u00edtica da Privacidade Quem somos O endere\u00e7o do nosso site \u00e9: http:\/\/crispelomundo.com Que dados pessoais s\u00e3o recolhidos e como s\u00e3o recolhidos Coment\u00e1rios Quando os visitantes deixam coment\u00e1rios no site, s\u00e3o guardados os dados presentes no formul\u00e1rio dos coment\u00e1rios, bem como o endere\u00e7o de IP e o agente do utilizador do navegador, para ajudar com a [&hellip;]<\/p>","protected":false},"author":1,"featured_media":0,"parent":0,"menu_order":10,"comment_status":"closed","ping_status":"closed","template":"","meta":{"footnotes":""},"class_list":["post-9","page","type-page","status-publish","hentry"],"_links":{"self":[{"href":"https:\/\/crispelomundo.com.br\/fr\/wp-json\/wp\/v2\/pages\/9","targetHints":{"allow":["GET"]}}],"collection":[{"href":"https:\/\/crispelomundo.com.br\/fr\/wp-json\/wp\/v2\/pages"}],"about":[{"href":"https:\/\/crispelomundo.com.br\/fr\/wp-json\/wp\/v2\/types\/page"}],"author":[{"embeddable":true,"href":"https:\/\/crispelomundo.com.br\/fr\/wp-json\/wp\/v2\/users\/1"}],"replies":[{"embeddable":true,"href":"https:\/\/crispelomundo.com.br\/fr\/wp-json\/wp\/v2\/comments?post=9"}],"version-history":[{"count":0,"href":"https:\/\/crispelomundo.com.br\/fr\/wp-json\/wp\/v2\/pages\/9\/revisions"}],"wp:attachment":[{"href":"https:\/\/crispelomundo.com.br\/fr\/wp-json\/wp\/v2\/media?parent=9"}],"curies":[{"name":"wp","href":"https:\/\/api.w.org\/{rel}","templated":true}]}}